{"id":20761,"date":"2023-07-10T10:20:02","date_gmt":"2023-07-10T08:20:02","guid":{"rendered":"https:\/\/lezimmer.com\/the-story\/"},"modified":"2023-07-19T10:44:12","modified_gmt":"2023-07-19T08:44:12","slug":"the-story","status":"publish","type":"page","link":"https:\/\/lezimmer.com\/en\/the-story\/","title":{"rendered":"The story"},"content":{"rendered":"\t\t<div data-elementor-type=\"wp-page\" data-elementor-id=\"20761\" class=\"elementor elementor-20761 elementor-20437\" data-elementor-post-type=\"page\">\n\t\t\t\t\t\t<section class=\"elementor-section elementor-top-section elementor-element elementor-element-5bd3809 elementor-section-boxed elementor-section-height-default elementor-section-height-default\" data-id=\"5bd3809\" data-element_type=\"section\" data-e-type=\"section\">\n\t\t\t\t\t\t<div class=\"elementor-container elementor-column-gap-default\">\n\t\t\t\t\t<div class=\"elementor-column elementor-col-100 elementor-top-column elementor-element elementor-element-67a5a4b\" data-id=\"67a5a4b\" data-element_type=\"column\" data-e-type=\"column\">\n\t\t\t<div class=\"elementor-widget-wrap elementor-element-populated\">\n\t\t\t\t\t\t<div class=\"elementor-element elementor-element-1eb6204 elementor-widget elementor-widget-spacer\" data-id=\"1eb6204\" data-element_type=\"widget\" data-e-type=\"widget\" data-widget_type=\"spacer.default\">\n\t\t\t\t<div class=\"elementor-widget-container\">\n\t\t\t\t\t\t\t<div class=\"elementor-spacer\">\n\t\t\t<div class=\"elementor-spacer-inner\"><\/div>\n\t\t<\/div>\n\t\t\t\t\t\t<\/div>\n\t\t\t\t<\/div>\n\t\t\t\t<div class=\"elementor-element elementor-element-59e3c84 elementor-widget elementor-widget-heading\" data-id=\"59e3c84\" data-element_type=\"widget\" data-e-type=\"widget\" data-widget_type=\"heading.default\">\n\t\t\t\t<div class=\"elementor-widget-container\">\n\t\t\t\t\t<h2 class=\"elementor-heading-title elementor-size-default\">The Zimmer's Story<\/h2>\t\t\t\t<\/div>\n\t\t\t\t<\/div>\n\t\t\t\t<div class=\"elementor-element elementor-element-a946cdd elementor-widget elementor-widget-spacer\" data-id=\"a946cdd\" data-element_type=\"widget\" data-e-type=\"widget\" data-widget_type=\"spacer.default\">\n\t\t\t\t<div class=\"elementor-widget-container\">\n\t\t\t\t\t\t\t<div class=\"elementor-spacer\">\n\t\t\t<div class=\"elementor-spacer-inner\"><\/div>\n\t\t<\/div>\n\t\t\t\t\t\t<\/div>\n\t\t\t\t<\/div>\n\t\t\t\t<div class=\"elementor-element elementor-element-e51ef7f elementor-widget elementor-widget-text-editor\" data-id=\"e51ef7f\" data-element_type=\"widget\" data-e-type=\"widget\" data-widget_type=\"text-editor.default\">\n\t\t\t\t<div class=\"elementor-widget-container\">\n\t\t\t\t\t\t\t\t\t<p>Just after the 1870 war, Alsatian families who wanted to remain French moved to Paris and set up large brasseries in their own tradition: the Zimmer, Wepler, Dreher Bofinger and others still bear witness to this today.<\/p>\n<p>When it opened in 1896, the Zimmer on the Place du Ch\u00e2telet was the most dazzling of the three establishments belonging to the Zimmer tavern company. The ground-floor room, with its elegant ceiling, differs from other Parisian brasseries of the same period in the finesse and sobriety of its floral decor. A bar at the time welcomes customers on footstools and sofas. The establishment was so successful that it had to be expanded rapidly. On the eve of the First World War, it was developed on four levels. On the mezzanine floor, there is a restaurant with seating for one hundred and fifty guests. On the upper floors, lounges and private rooms are available for more intimate meetings&#8230;<\/p>\n<p>The history of the Zimmer is closely linked to that of the Th\u00e9\u00e2tre du Ch\u00e2telet: in the past, doors gave spectators direct access to the ground-floor auditorium and the first-floor salon.<\/p>\n<p>The Zimmer has always attracted a large number of artists and writers: Jules Verne, Emile Zola, Sarah Bernhardt, Gustav Mahler, Claude Debussy, Henri de Toulouse-Lautrec, Richard Strauss, Arturo Toscanini, Edmond Rostand, Marcel Proust, Serge de Diaghilev, Guillaume Apollinaire, Igor Stravinski, Vaslav Nijinski, Pablo Picasso and many others have frequented this establishment.<\/p>\n<p>During the &#8220;dark years&#8221;, the &#8220;Honneur de la Police&#8221; resistance network used to meet in the vast basement, where a hiding place, access to which is unknown today, would have enabled several families to escape the anti-Semitic attacks.<\/p>\n<p>In 2000, its renovation was entrusted to the talented decorator Jacques Garcia, who was able to restore an authentic soul to this place steeped in history, making the Place du Ch\u00e2telet one of the most beautiful caf\u00e9s in Paris.<\/p>\n\t\t\t\t\t\t\t\t<\/div>\n\t\t\t\t<\/div>\n\t\t\t\t\t<\/div>\n\t\t<\/div>\n\t\t\t\t\t<\/div>\n\t\t<\/section>\n\t\t\t\t<section class=\"elementor-section elementor-top-section elementor-element elementor-element-cc0622b elementor-section-boxed elementor-section-height-default elementor-section-height-default\" data-id=\"cc0622b\" data-element_type=\"section\" data-e-type=\"section\">\n\t\t\t\t\t\t<div class=\"elementor-container elementor-column-gap-default\">\n\t\t\t\t\t<div class=\"elementor-column elementor-col-100 elementor-top-column elementor-element elementor-element-447b38f\" data-id=\"447b38f\" data-element_type=\"column\" data-e-type=\"column\">\n\t\t\t<div class=\"elementor-widget-wrap elementor-element-populated\">\n\t\t\t\t\t\t<div class=\"elementor-element elementor-element-a5bbec5 elementor-widget elementor-widget-spacer\" data-id=\"a5bbec5\" data-element_type=\"widget\" data-e-type=\"widget\" data-widget_type=\"spacer.default\">\n\t\t\t\t<div class=\"elementor-widget-container\">\n\t\t\t\t\t\t\t<div class=\"elementor-spacer\">\n\t\t\t<div class=\"elementor-spacer-inner\"><\/div>\n\t\t<\/div>\n\t\t\t\t\t\t<\/div>\n\t\t\t\t<\/div>\n\t\t\t\t<div class=\"elementor-element elementor-element-ae0e4c9 elementor-widget elementor-widget-heading\" data-id=\"ae0e4c9\" data-element_type=\"widget\" data-e-type=\"widget\" data-widget_type=\"heading.default\">\n\t\t\t\t<div class=\"elementor-widget-container\">\n\t\t\t\t\t<h2 class=\"elementor-heading-title elementor-size-default\">D\u00c9SIRS<\/h2>\t\t\t\t<\/div>\n\t\t\t\t<\/div>\n\t\t\t\t<div class=\"elementor-element elementor-element-90e47b3 elementor-widget elementor-widget-spacer\" data-id=\"90e47b3\" data-element_type=\"widget\" data-e-type=\"widget\" data-widget_type=\"spacer.default\">\n\t\t\t\t<div class=\"elementor-widget-container\">\n\t\t\t\t\t\t\t<div class=\"elementor-spacer\">\n\t\t\t<div class=\"elementor-spacer-inner\"><\/div>\n\t\t<\/div>\n\t\t\t\t\t\t<\/div>\n\t\t\t\t<\/div>\n\t\t\t\t<div class=\"elementor-element elementor-element-883aaf6 elementor-widget elementor-widget-text-editor\" data-id=\"883aaf6\" data-element_type=\"widget\" data-e-type=\"widget\" data-widget_type=\"text-editor.default\">\n\t\t\t\t<div class=\"elementor-widget-container\">\n\t\t\t\t\t\t\t\t\t<p>\u00ab Allez tranquillement parmi le vacarme et la h\u00e2te, et souvenez-vous de la paix qui peut exister dans le silence. Sans ali\u00e9nation, vivez autant que possible en bons termes avec toute personne. Dites doucement et clairement votre v\u00e9rit\u00e9. \u00c9coutez les autres, m\u00eame le simple d\u2019esprit et l\u2019ignorant ; ils ont eux aussi leur histoire.<\/p>\n<p>Evitez les individus bruyants et agressifs, ils sont une vexation pour l\u2019esprit. Ne vous comparez avec personne : vous risqueriez de devenir vain ou vaniteux. Il y a toujours plus grand et plus petit que vous. Jouissez de vos projets aussi bien que de vos accomplissements. Soyez toujours int\u00e9ress\u00e9 \u00e0 votre carri\u00e8re, si modeste soit-elle ; c\u2019est une v\u00e9ritable possession dans les prosp\u00e9rit\u00e9s changeantes du temps.<\/p>\n<p>Soyez prudent dans vos affaires, car le monde est plein de fourberies. Mais ne soyez pas aveugle en ce qui concerne la vertu qui existe ; plusieurs individus recherchent les grands id\u00e9aux ; et partout la vie est remplie. Soyez vous-m\u00eame. Surtout n\u2019affectez pas l\u2019amiti\u00e9. Non plus ne soyez cynique en amour, car il est en face de toute st\u00e9rilit\u00e9 et de tout d\u00e9senchantement aussi \u00e9ternel que l\u2019herbe.<\/p>\n<p>Prenez avec bont\u00e9 le conseil des ann\u00e9es, en renon\u00e7ant avec gr\u00e2ce \u00e0 votre jeunesse. Fortifiez une puissance d\u2019esprit pour vous prot\u00e9ger en cas de malheur soudain. Mais ne vous chagrinez pas avec vos chim\u00e8res. De nombreuses peurs naissent de la fatigue et de la solitude.<\/p>\n<p>Au-del\u00e0 d\u2019une discipline saine, soyez doux avec vous-m\u00eame. Vous \u00eates un enfant de l\u2019univers ; pas moins que les arbres et les \u00e9toiles, vous avez le droit d\u2019\u00eatre ici. Et qu\u2019il vous soit clair ou non, l\u2019univers se d\u00e9roule sans doute comme il le devrait. Soyez en paix avec Dieu, quelle que soit votre conception de lui. Et quels que soient vos travaux et vos r\u00eaves, gardez dans le d\u00e9sarroi bruyant de la vie, la paix dans votre \u00e2me. Avec toutes ses perfidies, ses besognes fastidieuses et ses r\u00eaves bris\u00e9s, le monde est pourtant beau.<\/p>\n<p>Prenez attention. T\u00e2chez d\u2019\u00eatre heureux. \u00bb<\/p>\n<p>Le Testament de Baltimore<\/p>\n\t\t\t\t\t\t\t\t<\/div>\n\t\t\t\t<\/div>\n\t\t\t\t\t<\/div>\n\t\t<\/div>\n\t\t\t\t\t<\/div>\n\t\t<\/section>\n\t\t\t\t<section class=\"elementor-section elementor-top-section elementor-element elementor-element-c378bb5 elementor-section-boxed elementor-section-height-default elementor-section-height-default\" data-id=\"c378bb5\" data-element_type=\"section\" data-e-type=\"section\">\n\t\t\t\t\t\t<div class=\"elementor-container elementor-column-gap-default\">\n\t\t\t\t\t<div class=\"elementor-column elementor-col-100 elementor-top-column elementor-element elementor-element-98941d7\" data-id=\"98941d7\" data-element_type=\"column\" data-e-type=\"column\">\n\t\t\t<div class=\"elementor-widget-wrap elementor-element-populated\">\n\t\t\t\t\t\t<div class=\"elementor-element elementor-element-887423a elementor-widget elementor-widget-spacer\" data-id=\"887423a\" data-element_type=\"widget\" data-e-type=\"widget\" data-widget_type=\"spacer.default\">\n\t\t\t\t<div class=\"elementor-widget-container\">\n\t\t\t\t\t\t\t<div class=\"elementor-spacer\">\n\t\t\t<div class=\"elementor-spacer-inner\"><\/div>\n\t\t<\/div>\n\t\t\t\t\t\t<\/div>\n\t\t\t\t<\/div>\n\t\t\t\t<div class=\"elementor-element elementor-element-33191c4 elementor-widget elementor-widget-heading\" data-id=\"33191c4\" data-element_type=\"widget\" data-e-type=\"widget\" data-widget_type=\"heading.default\">\n\t\t\t\t<div class=\"elementor-widget-container\">\n\t\t\t\t\t<h2 class=\"elementor-heading-title elementor-size-default\">LE PETIT ENDROIT<\/h2>\t\t\t\t<\/div>\n\t\t\t\t<\/div>\n\t\t\t\t<div class=\"elementor-element elementor-element-4f5355e elementor-widget elementor-widget-spacer\" data-id=\"4f5355e\" data-element_type=\"widget\" data-e-type=\"widget\" data-widget_type=\"spacer.default\">\n\t\t\t\t<div class=\"elementor-widget-container\">\n\t\t\t\t\t\t\t<div class=\"elementor-spacer\">\n\t\t\t<div class=\"elementor-spacer-inner\"><\/div>\n\t\t<\/div>\n\t\t\t\t\t\t<\/div>\n\t\t\t\t<\/div>\n\t\t\t\t<div class=\"elementor-element elementor-element-7bade60 elementor-widget elementor-widget-text-editor\" data-id=\"7bade60\" data-element_type=\"widget\" data-e-type=\"widget\" data-widget_type=\"text-editor.default\">\n\t\t\t\t<div class=\"elementor-widget-container\">\n\t\t\t\t\t\t\t\t\t<p>Vous qui venez ici<br \/>dans une humble posture,<\/p>\n<p>De vos flancs alourdis<br \/>d\u00e9charger le fardeau<\/p>\n<p>Veuillez, quand vous aurez<br \/>soulag\u00e9 la nature<\/p>\n<p>Et d\u00e9pos\u00e9 dans l\u2019urne<br \/>un modeste cadeau,<\/p>\n<p>\u00c9pancher dans l\u2019amphore<br \/>un courant d\u2019onde pure,<\/p>\n<p>Et sur l\u2019autel fumant,<br \/>placer pour chapiteau<\/p>\n<p>Le couvercle arrondi<br \/>dont l\u2019auguste jointure<\/p>\n<p>Aux parfums indiscrets<br \/>doit servir de tombeau.<\/p>\n<p>Alfred de Musset \u00e0 George Sand<\/p>\n\t\t\t\t\t\t\t\t<\/div>\n\t\t\t\t<\/div>\n\t\t\t\t\t<\/div>\n\t\t<\/div>\n\t\t\t\t\t<\/div>\n\t\t<\/section>\n\t\t\t\t<\/div>\n\t\t","protected":false},"excerpt":{"rendered":"<p>The Zimmer&#8217;s Story Just after the 1870 war, Alsatian families who wanted to remain French moved to Paris and set up large brasseries in their own tradition: the Zimmer, Wepler, Dreher Bofinger and others still bear witness to this today. When it opened in 1896, the Zimmer on the Place du Ch\u00e2telet was the most [&hellip;]<\/p>\n","protected":false},"author":1,"featured_media":0,"parent":0,"menu_order":0,"comment_status":"closed","ping_status":"closed","template":"","meta":{"footnotes":""},"class_list":["post-20761","page","type-page","status-publish","hentry"],"yoast_head":"<title>The story - Le Zimmer<\/title>\n<meta name=\"robots\" content=\"index, follow, max-snippet:-1, max-image-preview:large, max-video-preview:-1\" \/>\n<link rel=\"canonical\" href=\"https:\/\/lezimmer.com\/en\/the-story\/\" \/>\n<meta property=\"og:locale\" content=\"en_US\" \/>\n<meta property=\"og:type\" content=\"article\" \/>\n<meta property=\"og:title\" content=\"The story - Le Zimmer\" \/>\n<meta property=\"og:description\" content=\"The Zimmer&#8217;s Story Just after the 1870 war, Alsatian families who wanted to remain French moved to Paris and set up large brasseries in their own tradition: the Zimmer, Wepler, Dreher Bofinger and others still bear witness to this today. When it opened in 1896, the Zimmer on the Place du Ch\u00e2telet was the most [&hellip;]\" \/>\n<meta property=\"og:url\" content=\"https:\/\/lezimmer.com\/en\/the-story\/\" \/>\n<meta property=\"og:site_name\" content=\"Le Zimmer\" \/>\n<meta property=\"article:modified_time\" content=\"2023-07-19T08:44:12+00:00\" \/>\n<meta name=\"twitter:card\" content=\"summary_large_image\" \/>\n<meta name=\"twitter:label1\" content=\"Est. reading time\" \/>\n\t<meta name=\"twitter:data1\" content=\"4 minutes\" \/>\n<script type=\"application\/ld+json\" class=\"yoast-schema-graph\">{\"@context\":\"https:\/\/schema.org\",\"@graph\":[{\"@type\":\"WebPage\",\"@id\":\"https:\/\/lezimmer.com\/en\/the-story\/\",\"url\":\"https:\/\/lezimmer.com\/en\/the-story\/\",\"name\":\"The story - Le Zimmer\",\"isPartOf\":{\"@id\":\"https:\/\/lezimmer.com\/#website\"},\"datePublished\":\"2023-07-10T08:20:02+00:00\",\"dateModified\":\"2023-07-19T08:44:12+00:00\",\"breadcrumb\":{\"@id\":\"https:\/\/lezimmer.com\/en\/the-story\/#breadcrumb\"},\"inLanguage\":\"en-US\",\"potentialAction\":[{\"@type\":\"ReadAction\",\"target\":[\"https:\/\/lezimmer.com\/en\/the-story\/\"]}]},{\"@type\":\"BreadcrumbList\",\"@id\":\"https:\/\/lezimmer.com\/en\/the-story\/#breadcrumb\",\"itemListElement\":[{\"@type\":\"ListItem\",\"position\":1,\"name\":\"Accueil\",\"item\":\"https:\/\/lezimmer.com\/en\/\"},{\"@type\":\"ListItem\",\"position\":2,\"name\":\"The story\"}]},{\"@type\":\"WebSite\",\"@id\":\"https:\/\/lezimmer.com\/#website\",\"url\":\"https:\/\/lezimmer.com\/\",\"name\":\"Le Zimmer\",\"description\":\"\",\"publisher\":{\"@id\":\"https:\/\/lezimmer.com\/#organization\"},\"potentialAction\":[{\"@type\":\"SearchAction\",\"target\":{\"@type\":\"EntryPoint\",\"urlTemplate\":\"https:\/\/lezimmer.com\/?s={search_term_string}\"},\"query-input\":{\"@type\":\"PropertyValueSpecification\",\"valueRequired\":true,\"valueName\":\"search_term_string\"}}],\"inLanguage\":\"en-US\"},{\"@type\":\"Organization\",\"@id\":\"https:\/\/lezimmer.com\/#organization\",\"name\":\"Le Zimmer\",\"url\":\"https:\/\/lezimmer.com\/\",\"logo\":{\"@type\":\"ImageObject\",\"inLanguage\":\"en-US\",\"@id\":\"https:\/\/lezimmer.com\/#\/schema\/logo\/image\/\",\"url\":\"https:\/\/lezimmer.com\/wp-content\/uploads\/2023\/06\/cropped-android-chrome-192x192-1.png\",\"contentUrl\":\"https:\/\/lezimmer.com\/wp-content\/uploads\/2023\/06\/cropped-android-chrome-192x192-1.png\",\"width\":192,\"height\":192,\"caption\":\"Le Zimmer\"},\"image\":{\"@id\":\"https:\/\/lezimmer.com\/#\/schema\/logo\/image\/\"}}]}<\/script>","yoast_head_json":{"title":"The story - Le Zimmer","robots":{"index":"index","follow":"follow","max-snippet":"max-snippet:-1","max-image-preview":"max-image-preview:large","max-video-preview":"max-video-preview:-1"},"canonical":"https:\/\/lezimmer.com\/en\/the-story\/","og_locale":"en_US","og_type":"article","og_title":"The story - Le Zimmer","og_description":"The Zimmer&#8217;s Story Just after the 1870 war, Alsatian families who wanted to remain French moved to Paris and set up large brasseries in their own tradition: the Zimmer, Wepler, Dreher Bofinger and others still bear witness to this today. When it opened in 1896, the Zimmer on the Place du Ch\u00e2telet was the most [&hellip;]","og_url":"https:\/\/lezimmer.com\/en\/the-story\/","og_site_name":"Le Zimmer","article_modified_time":"2023-07-19T08:44:12+00:00","twitter_card":"summary_large_image","twitter_misc":{"Est. reading time":"4 minutes"},"schema":{"@context":"https:\/\/schema.org","@graph":[{"@type":"WebPage","@id":"https:\/\/lezimmer.com\/en\/the-story\/","url":"https:\/\/lezimmer.com\/en\/the-story\/","name":"The story - Le Zimmer","isPartOf":{"@id":"https:\/\/lezimmer.com\/#website"},"datePublished":"2023-07-10T08:20:02+00:00","dateModified":"2023-07-19T08:44:12+00:00","breadcrumb":{"@id":"https:\/\/lezimmer.com\/en\/the-story\/#breadcrumb"},"inLanguage":"en-US","potentialAction":[{"@type":"ReadAction","target":["https:\/\/lezimmer.com\/en\/the-story\/"]}]},{"@type":"BreadcrumbList","@id":"https:\/\/lezimmer.com\/en\/the-story\/#breadcrumb","itemListElement":[{"@type":"ListItem","position":1,"name":"Accueil","item":"https:\/\/lezimmer.com\/en\/"},{"@type":"ListItem","position":2,"name":"The story"}]},{"@type":"WebSite","@id":"https:\/\/lezimmer.com\/#website","url":"https:\/\/lezimmer.com\/","name":"Le Zimmer","description":"","publisher":{"@id":"https:\/\/lezimmer.com\/#organization"},"potentialAction":[{"@type":"SearchAction","target":{"@type":"EntryPoint","urlTemplate":"https:\/\/lezimmer.com\/?s={search_term_string}"},"query-input":{"@type":"PropertyValueSpecification","valueRequired":true,"valueName":"search_term_string"}}],"inLanguage":"en-US"},{"@type":"Organization","@id":"https:\/\/lezimmer.com\/#organization","name":"Le Zimmer","url":"https:\/\/lezimmer.com\/","logo":{"@type":"ImageObject","inLanguage":"en-US","@id":"https:\/\/lezimmer.com\/#\/schema\/logo\/image\/","url":"https:\/\/lezimmer.com\/wp-content\/uploads\/2023\/06\/cropped-android-chrome-192x192-1.png","contentUrl":"https:\/\/lezimmer.com\/wp-content\/uploads\/2023\/06\/cropped-android-chrome-192x192-1.png","width":192,"height":192,"caption":"Le Zimmer"},"image":{"@id":"https:\/\/lezimmer.com\/#\/schema\/logo\/image\/"}}]}},"_links":{"self":[{"href":"https:\/\/lezimmer.com\/en\/wp-json\/wp\/v2\/pages\/20761","targetHints":{"allow":["GET"]}}],"collection":[{"href":"https:\/\/lezimmer.com\/en\/wp-json\/wp\/v2\/pages"}],"about":[{"href":"https:\/\/lezimmer.com\/en\/wp-json\/wp\/v2\/types\/page"}],"author":[{"embeddable":true,"href":"https:\/\/lezimmer.com\/en\/wp-json\/wp\/v2\/users\/1"}],"replies":[{"embeddable":true,"href":"https:\/\/lezimmer.com\/en\/wp-json\/wp\/v2\/comments?post=20761"}],"version-history":[{"count":0,"href":"https:\/\/lezimmer.com\/en\/wp-json\/wp\/v2\/pages\/20761\/revisions"}],"wp:attachment":[{"href":"https:\/\/lezimmer.com\/en\/wp-json\/wp\/v2\/media?parent=20761"}],"curies":[{"name":"wp","href":"https:\/\/api.w.org\/{rel}","templated":true}]}}